{"id":188,"date":"2025-02-14T14:43:37","date_gmt":"2025-02-14T14:43:37","guid":{"rendered":"https:\/\/auladidactica.cl\/?page_id=188"},"modified":"2026-01-29T01:34:04","modified_gmt":"2026-01-29T01:34:04","slug":"nosotros","status":"publish","type":"page","link":"https:\/\/auladidactica.cl\/?page_id=188","title":{"rendered":"Nosotros"},"content":{"rendered":"<p>[et_pb_section fb_built=\u00bb1&#8243; admin_label=\u00bbHeader\u00bb _builder_version=\u00bb4.23.2&#8243; _module_preset=\u00bbdefault\u00bb locked=\u00bboff\u00bb collapsed=\u00bbon\u00bb global_colors_info=\u00bb{}\u00bb][et_pb_row column_structure=\u00bb1_2,1_2&#8243; _builder_version=\u00bb4.23.2&#8243; _module_preset=\u00bbdefault\u00bb global_colors_info=\u00bb{}\u00bb][et_pb_column type=\u00bb1_2&#8243; _builder_version=\u00bb4.23.2&#8243; _module_preset=\u00bbdefault\u00bb global_colors_info=\u00bb{}\u00bb][et_pb_text _builder_version=\u00bb4.27.0&#8243; _module_preset=\u00bb200d1f82-53a6-48f3-8663-93a5ea849930&#8243; header_font=\u00bb&#8211;et_global_heading_font|700|||||||\u00bb header_text_color=\u00bbgcid-d15821fb-ca65-4f29-bfd5-ea044f046af4&#8243; header_font_size=\u00bb73px\u00bb custom_margin=\u00bb||10px||false|false\u00bb global_colors_info=\u00bb{%22gcid-d15821fb-ca65-4f29-bfd5-ea044f046af4%22:%91%22header_text_color%22%93}\u00bb]<\/p>\n<h1>\u00bfQui\u00e9n Soy?<\/h1>\n<p>[\/et_pb_text][et_pb_text _builder_version=\u00bb4.27.0&#8243; _module_preset=\u00bb72ae4a84-1a1f-403d-8db3-bfc366ef6d5a\u00bb text_text_color=\u00bbgcid-d15821fb-ca65-4f29-bfd5-ea044f046af4&#8243; global_colors_info=\u00bb{%22gcid-d15821fb-ca65-4f29-bfd5-ea044f046af4%22:%91%22text_text_color%22%93}\u00bb]<\/p>\n<p data-start=\"228\" data-end=\"371\"><strong data-start=\"228\" data-end=\"369\">\u00a1Hola! Soy Nicole Perines Ogalde, una profesora\u00a0 apasionada por transformar la Educaci\u00f3n con calidez, estructura digitalizaci\u00f3n y creatividad.<\/strong><\/p>\n<p data-start=\"378\" data-end=\"634\">En 2022, tuve el honor de ser seleccionada entre las 26 profesoras m\u00e1s destacadas de Chile en el <em data-start=\"475\" data-end=\"503\">Global Teacher Prize Chile<\/em>, un reconocimiento que reafirm\u00f3 mi compromiso con el aprendizaje significativo y el bienestar de mis estudiantes y sus familias.<\/p>\n<p data-start=\"641\" data-end=\"910\">Como mam\u00e1, s\u00e9 lo desafiante que puede ser educar en estos tiempos. Por eso cre\u00e9 <em data-start=\"745\" data-end=\"761\">Aula Did\u00e1ctica<\/em>, un espacio para compartir recursos pr\u00e1cticos, estrategias de neuroeducaci\u00f3n y tips sencillos que fortalezcan el aprendizaje en casa y en el aula.<\/p>\n<p data-start=\"917\" data-end=\"1041\">\u00a1Gracias por estar aqu\u00ed! Juntas y juntos, podemos crear un aprendizaje que deje huella en los ni\u00f1os, con amor y creatividad.<\/p>\n<p>[\/et_pb_text][\/et_pb_column][et_pb_column type=\u00bb1_2&#8243; _builder_version=\u00bb4.23.2&#8243; _module_preset=\u00bbdefault\u00bb global_colors_info=\u00bb{}\u00bb][et_pb_image src=\u00bbhttps:\/\/auladidactica.cl\/wp-content\/uploads\/2025\/02\/art-therapist-mask-02-1.png\u00bb title_text=\u00bbD382B12D-3F91-46B1-A018-A587EE208AB8 2&#8243; _builder_version=\u00bb4.27.0&#8243; _module_preset=\u00bbdefault\u00bb background_image=\u00bbhttps:\/\/auladidactica.cl\/wp-content\/uploads\/2026\/01\/D382B12D-3F91-46B1-A018-A587EE208AB8-2.png\u00bb background_position=\u00bbtop_right\u00bb hover_enabled=\u00bb0&#8243; global_colors_info=\u00bb{}\u00bb sticky_enabled=\u00bb0&#8243;][\/et_pb_image][\/et_pb_column][\/et_pb_row][\/et_pb_section][et_pb_section fb_built=\u00bb1&#8243; admin_label=\u00bbAbout\u00bb _builder_version=\u00bb4.23.2&#8243; _module_preset=\u00bbdefault\u00bb locked=\u00bboff\u00bb collapsed=\u00bbon\u00bb global_colors_info=\u00bb{}\u00bb][et_pb_row column_structure=\u00bb1_2,1_2&#8243; _builder_version=\u00bb4.23.2&#8243; _module_preset=\u00bbdefault\u00bb global_colors_info=\u00bb{}\u00bb][et_pb_column type=\u00bb1_2&#8243; _builder_version=\u00bb4.23.2&#8243; _module_preset=\u00bbdefault\u00bb global_colors_info=\u00bb{}\u00bb][et_pb_text _builder_version=\u00bb4.27.0&#8243; _module_preset=\u00bbd1db86a8-496c-4d99-aa0c-4968eb7b130b\u00bb header_font=\u00bb&#8211;et_global_heading_font|700|||||||\u00bb header_2_text_color=\u00bbgcid-d15821fb-ca65-4f29-bfd5-ea044f046af4&#8243; locked=\u00bboff\u00bb global_colors_info=\u00bb{%22gcid-d15821fb-ca65-4f29-bfd5-ea044f046af4%22:%91%22header_2_text_color%22%93}\u00bb]<\/p>\n<h2>Nuestro aporte<\/h2>\n<p>[\/et_pb_text][et_pb_text _builder_version=\u00bb4.27.0&#8243; _module_preset=\u00bb72ae4a84-1a1f-403d-8db3-bfc366ef6d5a\u00bb text_text_color=\u00bbgcid-d15821fb-ca65-4f29-bfd5-ea044f046af4&#8243; custom_padding=\u00bb||2px|||\u00bb locked=\u00bboff\u00bb global_colors_info=\u00bb{%22gcid-d15821fb-ca65-4f29-bfd5-ea044f046af4%22:%91%22text_text_color%22%93}\u00bb]<\/p>\n<p data-start=\"543\" data-end=\"932\" style=\"text-align: justify\">Con m\u00e1s de 10 a\u00f1os de experiencia en el aula, ense\u00f1ando a ni\u00f1os y ni\u00f1as de 1\u00ba a 4\u00ba B\u00e1sico, he aprendido que el aprendizaje florece cuando est\u00e1 lleno de prop\u00f3sito, creatividad y amor.\u00a0<\/p>\n<p data-start=\"934\" data-end=\"1138\" style=\"text-align: justify\">Me apasiona la innovaci\u00f3n educativa, por eso integro m\u00fasica, neuroeducaci\u00f3n, materiales did\u00e1cticos y estrategias creativas en cada clase, transformando el aprendizaje en una experiencia din\u00e1mica y alegre.<\/p>\n<p data-start=\"1140\" data-end=\"1405\" style=\"text-align: justify\"><em data-start=\"1140\" data-end=\"1156\">Aula Did\u00e1ctica<\/em> naci\u00f3 para apoyar a docentes, madres y padres que buscan potenciar el aprendizaje de ni\u00f1os y ni\u00f1as de 4 a 9 a\u00f1os, entregando recursos pr\u00e1cticos, sencillos y dise\u00f1ados con cari\u00f1o para esta etapa, basados en metodolog\u00edas efectivas y probadas en aula.<\/p>\n<p data-start=\"1407\" data-end=\"1655\" style=\"text-align: justify\">Si eres docente y deseas perfeccionar tu ense\u00f1anza, aqu\u00ed encontrar\u00e1s cursos online con estrategias innovadoras y herramientas digitales que enriquecer\u00e1n tu pr\u00e1ctica pedag\u00f3gica, ayud\u00e1ndote a conectar con tus estudiantes de manera cercana y creativa.<\/p>\n<p>[\/et_pb_text][\/et_pb_column][et_pb_column type=\u00bb1_2&#8243; _builder_version=\u00bb4.23.2&#8243; _module_preset=\u00bbdefault\u00bb global_colors_info=\u00bb{}\u00bb][et_pb_image src=\u00bbhttps:\/\/auladidactica.cl\/wp-content\/uploads\/2025\/02\/art-therapist-illustration-15-1.png\u00bb title_text=\u00bbart-therapist-illustration-15-1&#8243; _builder_version=\u00bb4.24.2&#8243; _module_preset=\u00bbdefault\u00bb positioning=\u00bbabsolute\u00bb position_origin_a=\u00bbbottom_left\u00bb width=\u00bb30%\u00bb global_colors_info=\u00bb{}\u00bb][\/et_pb_image][et_pb_image src=\u00bbhttps:\/\/auladidactica.cl\/wp-content\/uploads\/2025\/02\/REALIDADAUMEN-1.png\u00bb title_text=\u00bbREALIDADAUMEN\u00bb align=\u00bbcenter\u00bb _builder_version=\u00bb4.27.0&#8243; _module_preset=\u00bbdefault\u00bb border_radii=\u00bbon|500px|500px|500px|500px\u00bb global_colors_info=\u00bb{}\u00bb][\/et_pb_image][et_pb_image src=\u00bbhttps:\/\/auladidactica.cl\/wp-content\/uploads\/2025\/02\/art-therapist-illustration-16-1.png\u00bb title_text=\u00bbart-therapist-illustration-16-1&#8243; admin_label=\u00bbImage\u00bb _builder_version=\u00bb4.24.2&#8243; _module_preset=\u00bbdefault\u00bb positioning=\u00bbabsolute\u00bb position_origin_a=\u00bbtop_right\u00bb width=\u00bb40%\u00bb mix_blend_mode=\u00bbmultiply\u00bb global_colors_info=\u00bb{}\u00bb][\/et_pb_image][et_pb_image src=\u00bbhttps:\/\/auladidactica.cl\/wp-content\/uploads\/2025\/02\/art-therapist-illustration-17-1.png\u00bb title_text=\u00bbart-therapist-illustration-17-1&#8243; _builder_version=\u00bb4.24.2&#8243; _module_preset=\u00bbdefault\u00bb positioning=\u00bbabsolute\u00bb position_origin_a=\u00bbbottom_right\u00bb width=\u00bb30%\u00bb global_colors_info=\u00bb{}\u00bb][\/et_pb_image][\/et_pb_column][\/et_pb_row][et_pb_row _builder_version=\u00bb4.27.0&#8243; _module_preset=\u00bbdefault\u00bb global_colors_info=\u00bb{}\u00bb][et_pb_column type=\u00bb4_4&#8243; _builder_version=\u00bb4.27.0&#8243; _module_preset=\u00bbdefault\u00bb global_colors_info=\u00bb{}\u00bb][et_pb_text _builder_version=\u00bb4.27.0&#8243; _module_preset=\u00bbdefault\u00bb global_colors_info=\u00bb{}\u00bb]<\/p>\n<p style=\"text-align: center\"><span>\u2728 <\/span><strong data-start=\"1659\" data-end=\"1821\">Te invito a recorrer <em data-start=\"1682\" data-end=\"1698\">Aula Did\u00e1ctica<\/em> y sumarte a esta comunidad que cree que educar puede ser una experiencia transformadora, para ti y para tus estudiantes <span>\u2728<\/span><\/strong><\/p>\n<p>[\/et_pb_text][\/et_pb_column][\/et_pb_row][\/et_pb_section]<\/p>\n","protected":false},"excerpt":{"rendered":"<p>\u00bfQui\u00e9n Soy?\u00a1Hola! Soy Nicole Perines Ogalde, una profesora\u00a0 apasionada por transformar la Educaci\u00f3n con calidez, estructura digitalizaci\u00f3n y creatividad. En 2022, tuve el honor de ser seleccionada entre las 26 profesoras m\u00e1s destacadas de Chile en el Global Teacher Prize Chile, un reconocimiento que reafirm\u00f3 mi compromiso con el aprendizaje significativo y el bienestar de [&hellip;]<\/p>\n","protected":false},"author":1,"featured_media":0,"parent":0,"menu_order":0,"comment_status":"closed","ping_status":"closed","template":"","meta":{"_et_pb_use_builder":"on","_et_pb_old_content":"","_et_gb_content_width":"","footnotes":""},"class_list":["post-188","page","type-page","status-publish","hentry"],"jetpack_sharing_enabled":true,"_links":{"self":[{"href":"https:\/\/auladidactica.cl\/index.php?rest_route=\/wp\/v2\/pages\/188","targetHints":{"allow":["GET"]}}],"collection":[{"href":"https:\/\/auladidactica.cl\/index.php?rest_route=\/wp\/v2\/pages"}],"about":[{"href":"https:\/\/auladidactica.cl\/index.php?rest_route=\/wp\/v2\/types\/page"}],"author":[{"embeddable":true,"href":"https:\/\/auladidactica.cl\/index.php?rest_route=\/wp\/v2\/users\/1"}],"replies":[{"embeddable":true,"href":"https:\/\/auladidactica.cl\/index.php?rest_route=%2Fwp%2Fv2%2Fcomments&post=188"}],"version-history":[{"count":12,"href":"https:\/\/auladidactica.cl\/index.php?rest_route=\/wp\/v2\/pages\/188\/revisions"}],"predecessor-version":[{"id":278,"href":"https:\/\/auladidactica.cl\/index.php?rest_route=\/wp\/v2\/pages\/188\/revisions\/278"}],"wp:attachment":[{"href":"https:\/\/auladidactica.cl\/index.php?rest_route=%2Fwp%2Fv2%2Fmedia&parent=188"}],"curies":[{"name":"wp","href":"https:\/\/api.w.org\/{rel}","templated":true}]}}