{"id":9,"date":"2024-08-12T03:55:40","date_gmt":"2024-08-12T03:55:40","guid":{"rendered":"https:\/\/auladidactica.cl\/?page_id=9"},"modified":"2025-02-14T14:55:41","modified_gmt":"2025-02-14T14:55:41","slug":"inicio","status":"publish","type":"page","link":"https:\/\/auladidactica.cl\/","title":{"rendered":"Inicio"},"content":{"rendered":"<p>[et_pb_section fb_built=\u00bb1&#8243; _builder_version=\u00bb4.27.0&#8243; _module_preset=\u00bbdefault\u00bb background_image=\u00bbhttps:\/\/auladidactica.cl\/wp-content\/uploads\/2024\/08\/BANNER_Mesa-de-trabajo-1.png\u00bb module_alignment=\u00bbcenter\u00bb min_height=\u00bb761px\u00bb height=\u00bb764px\u00bb max_height=\u00bb539px\u00bb global_colors_info=\u00bb{}\u00bb][\/et_pb_section][et_pb_section fb_built=\u00bb1&#8243; _builder_version=\u00bb4.27.0&#8243; _module_preset=\u00bbdefault\u00bb background_color=\u00bb#eaeaea\u00bb hover_enabled=\u00bb0&#8243; global_colors_info=\u00bb{}\u00bb title_text=\u00bbart-therapist-illustration-02-1&#8243; background_size=\u00bbinitial\u00bb background_position=\u00bbbottom_left\u00bb background_enable_image=\u00bboff\u00bb sticky_enabled=\u00bb0&#8243;][et_pb_row _builder_version=\u00bb4.27.0&#8243; _module_preset=\u00bbdefault\u00bb hover_enabled=\u00bb0&#8243; global_colors_info=\u00bb{}\u00bb title_text=\u00bbart-therapist-illustration-01-1&#8243; background_image=\u00bbhttps:\/\/auladidactica.cl\/wp-content\/uploads\/2025\/02\/art-therapist-illustration-01-1.png\u00bb background_size=\u00bbcontain\u00bb background_position=\u00bbtop_right\u00bb sticky_enabled=\u00bb0&#8243;][et_pb_column type=\u00bb4_4&#8243; _builder_version=\u00bb4.27.0&#8243; _module_preset=\u00bbdefault\u00bb global_colors_info=\u00bb{}\u00bb][et_pb_heading title=\u00bb\u00a1Te damos la bienvenida!\u00bb _builder_version=\u00bb4.27.0&#8243; _module_preset=\u00bbdefault\u00bb title_font=\u00bb&#8211;et_global_heading_font|800||on|||||\u00bb title_text_align=\u00bbcenter\u00bb title_font_size=\u00bb34px\u00bb global_colors_info=\u00bb{}\u00bb][\/et_pb_heading][et_pb_text _builder_version=\u00bb4.27.0&#8243; _module_preset=\u00bbdefault\u00bb text_font_size=\u00bb24px\u00bb text_line_height=\u00bb2.2em\u00bb header_text_align=\u00bbcenter\u00bb header_font_size=\u00bb38px\u00bb header_letter_spacing=\u00bb7px\u00bb header_line_height=\u00bb1.3em\u00bb global_colors_info=\u00bb{}\u00bb]<\/p>\n<h5 style=\"text-align: center;\"><span>Un espacio creado para educadores y familias que buscan mejorar la experiencia de aprendizaje. <\/span><\/h5>\n<h5 style=\"text-align: center;\"><span>Explora recursos, cursos y estrategias did\u00e1cticas que te ayudar\u00e1n a ense\u00f1ar con confianza y creatividad.<\/span><\/h5>\n<p>[\/et_pb_text][\/et_pb_column][\/et_pb_row][\/et_pb_section][et_pb_section fb_built=\u00bb1&#8243; _builder_version=\u00bb4.27.0&#8243; _module_preset=\u00bbdefault\u00bb custom_padding=\u00bb73px|||||\u00bb global_colors_info=\u00bb{}\u00bb][et_pb_row column_structure=\u00bb1_2,1_2&#8243; _builder_version=\u00bb4.27.0&#8243; _module_preset=\u00bbdefault\u00bb locked=\u00bboff\u00bb global_colors_info=\u00bb{}\u00bb][et_pb_column type=\u00bb1_2&#8243; _builder_version=\u00bb4.27.0&#8243; _module_preset=\u00bbdefault\u00bb global_colors_info=\u00bb{}\u00bb][et_pb_image src=\u00bbhttps:\/\/auladidactica.cl\/wp-content\/uploads\/2024\/08\/BOTONES_Mesa-de-trabajo-1.png\u00bb title_text=\u00bbBOTONES_Mesa de trabajo 1&#8243; url=\u00bbhttps:\/\/auladidactica.cl\/?product_cat=productos-digitales\u00bb align=\u00bbcenter\u00bb _builder_version=\u00bb4.27.0&#8243; _module_preset=\u00bbdefault\u00bb width=\u00bb70%\u00bb module_alignment=\u00bbcenter\u00bb global_colors_info=\u00bb{}\u00bb width__hover_enabled=\u00bbon|desktop\u00bb width__hover=\u00bb80%\u00bb][\/et_pb_image][\/et_pb_column][et_pb_column type=\u00bb1_2&#8243; _builder_version=\u00bb4.27.0&#8243; _module_preset=\u00bbdefault\u00bb global_colors_info=\u00bb{}\u00bb][et_pb_image src=\u00bbhttps:\/\/auladidactica.cl\/wp-content\/uploads\/2024\/08\/BOTONES_Mesa-de-trabajo-1-copia.png\u00bb title_text=\u00bbBOTONES_Mesa de trabajo 1 copia\u00bb url=\u00bbhttps:\/\/auladidactica.cl\/?product_cat=material-fisico\u00bb align=\u00bbcenter\u00bb _builder_version=\u00bb4.27.0&#8243; _module_preset=\u00bbdefault\u00bb width=\u00bb70%\u00bb locked=\u00bboff\u00bb global_colors_info=\u00bb{}\u00bb width__hover_enabled=\u00bbon|hover\u00bb width__hover=\u00bb80%\u00bb][\/et_pb_image][\/et_pb_column][\/et_pb_row][et_pb_row _builder_version=\u00bb4.27.0&#8243; _module_preset=\u00bbdefault\u00bb global_colors_info=\u00bb{}\u00bb][et_pb_column type=\u00bb4_4&#8243; _builder_version=\u00bb4.27.0&#8243; _module_preset=\u00bbdefault\u00bb global_colors_info=\u00bb{}\u00bb][et_pb_heading title=\u00bbLa Educaci\u00f3n Did\u00e1ctica\u00bb _builder_version=\u00bb4.27.0&#8243; _module_preset=\u00bbdefault\u00bb title_font=\u00bb|700|||||||\u00bb title_text_align=\u00bbcenter\u00bb title_font_size=\u00bb46px\u00bb global_colors_info=\u00bb{}\u00bb][\/et_pb_heading][\/et_pb_column][\/et_pb_row][et_pb_row column_structure=\u00bb1_2,1_2&#8243; _builder_version=\u00bb4.27.0&#8243; _module_preset=\u00bbdefault\u00bb global_colors_info=\u00bb{}\u00bb][et_pb_column type=\u00bb1_2&#8243; _builder_version=\u00bb4.27.0&#8243; _module_preset=\u00bbdefault\u00bb global_colors_info=\u00bb{}\u00bb][et_pb_text _builder_version=\u00bb4.27.0&#8243; _module_preset=\u00bbdefault\u00bb global_colors_info=\u00bb{}\u00bb]<\/p>\n<p style=\"text-align: justify\">La educaci\u00f3n interactiva y did\u00e1ctica juega un papel crucial en el aprendizaje moderno al fomentar una participaci\u00f3n activa de los estudiantes en su proceso educativo. Este enfoque permite que los alumnos no solo reciban informaci\u00f3n pasivamente, sino que interact\u00faen con el contenido, realizando actividades pr\u00e1cticas y colaborativas que refuerzan el entendimiento y la retenci\u00f3n. Al involucrar a los estudiantes en experiencias de aprendizaje din\u00e1micas, se promueve un ambiente donde el conocimiento se construye de manera m\u00e1s significativa y memorable.<\/p>\n<p>[\/et_pb_text][\/et_pb_column][et_pb_column type=\u00bb1_2&#8243; _builder_version=\u00bb4.27.0&#8243; _module_preset=\u00bbdefault\u00bb global_colors_info=\u00bb{}\u00bb][et_pb_image src=\u00bbhttps:\/\/auladidactica.cl\/wp-content\/uploads\/2024\/08\/IMAGEN-03.png\u00bb title_text=\u00bbIMAGEN-03&#8243; align=\u00bbcenter\u00bb _builder_version=\u00bb4.27.0&#8243; _module_preset=\u00bbdefault\u00bb width_tablet=\u00bb\u00bb width_phone=\u00bb\u00bb width_last_edited=\u00bbon|phone\u00bb custom_margin=\u00bb-54px||||false|false\u00bb custom_margin_tablet=\u00bb-54px||||false|false\u00bb custom_margin_phone=\u00bb0px||||false|false\u00bb custom_margin_last_edited=\u00bbon|phone\u00bb global_colors_info=\u00bb{}\u00bb][\/et_pb_image][\/et_pb_column][\/et_pb_row][\/et_pb_section]<\/p>\n","protected":false},"excerpt":{"rendered":"<p>Un espacio creado para educadores y familias que buscan mejorar la experiencia de aprendizaje. Explora recursos, cursos y estrategias did\u00e1cticas que te ayudar\u00e1n a ense\u00f1ar con confianza y creatividad.La educaci\u00f3n interactiva y did\u00e1ctica juega un papel crucial en el aprendizaje moderno al fomentar una participaci\u00f3n activa de los estudiantes en su proceso educativo. Este enfoque [&hellip;]<\/p>\n","protected":false},"author":1,"featured_media":0,"parent":0,"menu_order":0,"comment_status":"closed","ping_status":"closed","template":"","meta":{"_et_pb_use_builder":"on","_et_pb_old_content":"","_et_gb_content_width":"","footnotes":""},"class_list":["post-9","page","type-page","status-publish","hentry"],"jetpack_sharing_enabled":true,"_links":{"self":[{"href":"https:\/\/auladidactica.cl\/index.php?rest_route=\/wp\/v2\/pages\/9","targetHints":{"allow":["GET"]}}],"collection":[{"href":"https:\/\/auladidactica.cl\/index.php?rest_route=\/wp\/v2\/pages"}],"about":[{"href":"https:\/\/auladidactica.cl\/index.php?rest_route=\/wp\/v2\/types\/page"}],"author":[{"embeddable":true,"href":"https:\/\/auladidactica.cl\/index.php?rest_route=\/wp\/v2\/users\/1"}],"replies":[{"embeddable":true,"href":"https:\/\/auladidactica.cl\/index.php?rest_route=%2Fwp%2Fv2%2Fcomments&post=9"}],"version-history":[{"count":17,"href":"https:\/\/auladidactica.cl\/index.php?rest_route=\/wp\/v2\/pages\/9\/revisions"}],"predecessor-version":[{"id":212,"href":"https:\/\/auladidactica.cl\/index.php?rest_route=\/wp\/v2\/pages\/9\/revisions\/212"}],"wp:attachment":[{"href":"https:\/\/auladidactica.cl\/index.php?rest_route=%2Fwp%2Fv2%2Fmedia&parent=9"}],"curies":[{"name":"wp","href":"https:\/\/api.w.org\/{rel}","templated":true}]}}